{"id":492,"date":"2025-05-17T19:59:36","date_gmt":"2025-05-17T17:59:36","guid":{"rendered":"https:\/\/detentenergie.com\/?page_id=492"},"modified":"2025-05-22T12:20:48","modified_gmt":"2025-05-22T10:20:48","slug":"mentions-legales","status":"publish","type":"page","link":"https:\/\/detentenergie.com\/index.php\/mentions-legales\/","title":{"rendered":"Mentions l\u00e9gales"},"content":{"rendered":"<div class=\"wpb-content-wrapper\"><p>[vc_row][vc_column][vc_column_text uncode_shortcode_id=\u00a0\u00bb901209&Prime;]<\/p>\n<p data-start=\"146\" data-end=\"420\">Conform\u00e9ment aux dispositions des articles 6-III et 19 de la Loi n\u00b02004-575 du 21 juin 2004 pour la Confiance dans l\u2019\u00e9conomie num\u00e9rique, dite L.C.E.N., il est port\u00e9 \u00e0 la connaissance des utilisateurs et visiteurs du site <strong data-start=\"367\" data-end=\"388\">detentenergie.com<\/strong> les pr\u00e9sentes mentions l\u00e9gales.<\/p>\n<h2 data-start=\"422\" data-end=\"444\"><strong data-start=\"425\" data-end=\"444\">\u00c9diteur du site<\/strong><\/h2>\n<p data-start=\"446\" data-end=\"746\"><strong data-start=\"446\" data-end=\"464\">D\u00e9tent&rsquo;\u00c9nergie<\/strong><br data-start=\"464\" data-end=\"467\" \/><br data-start=\"621\" data-end=\"624\" \/>Adresse : 8, La Barre du Mas Vignan 87320 &#8211; BUSSIERE-POITEVINE<br data-start=\"647\" data-end=\"650\" \/>SIRET : 79262603800014<br data-start=\"671\" data-end=\"674\" \/>Email : <a href=\"mailto:amma.detentenergie@yahoo.fr\">amma.detentenergie@yahoo.fr<\/a><br data-start=\"695\" data-end=\"698\" \/>Directrice de la publication : Marie-Th\u00e9r\u00e8se V\u00e9tois<\/p>\n<h2 data-start=\"748\" data-end=\"774\"><strong data-start=\"751\" data-end=\"774\">R\u00e9alisation du site<\/strong><\/h2>\n<p data-start=\"776\" data-end=\"833\">La cr\u00e9ation et la conception du site ont \u00e9t\u00e9 confi\u00e9es \u00e0 :<\/p>\n<p data-start=\"835\" data-end=\"963\"><strong data-start=\"835\" data-end=\"847\">Kaleidos<\/strong><br data-start=\"847\" data-end=\"850\" \/>Adresse : 1 rue Gambetta, 87920 Condat-sur-Vienne<br data-start=\"899\" data-end=\"902\" \/>Site web : <a class=\"\" href=\"https:\/\/www.kaleidos.fr\" target=\"_new\" rel=\"noopener\" data-start=\"913\" data-end=\"963\">https:\/\/www.kaleidos.fr<\/a><\/p>\n<h2 data-start=\"965\" data-end=\"983\"><strong data-start=\"968\" data-end=\"983\">H\u00e9bergement<\/strong><\/h2>\n<p data-start=\"985\" data-end=\"1010\">Le site est h\u00e9berg\u00e9 par :<\/p>\n<p data-start=\"1012\" data-end=\"1249\"><strong data-start=\"1012\" data-end=\"1024\">o2switch<\/strong><br data-start=\"1024\" data-end=\"1027\" \/>SAS au capital de 100 000 \u20ac<br data-start=\"1054\" data-end=\"1057\" \/>RCS Clermont-Ferrand : 510 909 807<br data-start=\"1091\" data-end=\"1094\" \/>Adresse : Chemin des Pardiaux, 63000 Clermont-Ferrand \u2013 France<br data-start=\"1156\" data-end=\"1159\" \/>T\u00e9l\u00e9phone : 04 44 44 60 40<br data-start=\"1185\" data-end=\"1188\" \/>Site web : <a class=\"\" href=\"https:\/\/www.o2switch.fr\" target=\"_new\" rel=\"noopener\" data-start=\"1199\" data-end=\"1249\">https:\/\/www.o2switch.fr<\/a><\/p>\n<h2 data-start=\"1251\" data-end=\"1282\"><strong data-start=\"1254\" data-end=\"1282\">Propri\u00e9t\u00e9 intellectuelle<\/strong><\/h2>\n<p data-start=\"1284\" data-end=\"1633\">Le contenu du site <strong data-start=\"1303\" data-end=\"1324\">detentenergie.com<\/strong> (textes, images, vid\u00e9os, graphismes, logo, ic\u00f4nes, etc.) est la propri\u00e9t\u00e9 exclusive de D\u00e9tent&rsquo;\u00c9nergie, sauf mention contraire. Toute reproduction, distribution, modification, adaptation, retransmission ou publication, m\u00eame partielle, est strictement interdite sans l\u2019accord \u00e9crit pr\u00e9alable de D\u00e9tent&rsquo;\u00c9nergie.<\/p>\n<h2 data-start=\"1635\" data-end=\"1656\"><strong data-start=\"1638\" data-end=\"1656\">Responsabilit\u00e9<\/strong><\/h2>\n<p data-start=\"1658\" data-end=\"1991\">D\u00e9tent&rsquo;\u00c9nergie s\u2019efforce de fournir sur le site <strong data-start=\"1706\" data-end=\"1727\">detentenergie.com<\/strong> des informations aussi pr\u00e9cises que possible. Toutefois, elle ne pourra \u00eatre tenue responsable des omissions, des inexactitudes ou des carences dans la mise \u00e0 jour, qu\u2019elles soient de son fait ou du fait des tiers partenaires qui lui fournissent ces informations.<\/p>\n<h2 data-start=\"1993\" data-end=\"2020\"><strong data-start=\"1996\" data-end=\"2020\">Donn\u00e9es personnelles<\/strong><\/h2>\n<p data-start=\"2022\" data-end=\"2404\">Le site peut collecter des donn\u00e9es personnelles via ses formulaires de contact. Ces donn\u00e9es sont destin\u00e9es exclusivement \u00e0 un usage interne et ne seront en aucun cas c\u00e9d\u00e9es \u00e0 des tiers. Conform\u00e9ment \u00e0 la loi \u00ab Informatique et Libert\u00e9s \u00bb et au RGPD, vous disposez d\u2019un droit d\u2019acc\u00e8s, de rectification et de suppression des donn\u00e9es vous concernant en contactant : <a class=\"cursor-init\" href=\"mailto:amma.detentenergie@yahoo.fr\">amma.detentenergie@yahoo.fr<\/a>.<\/p>\n<h2 data-start=\"2406\" data-end=\"2420\"><strong data-start=\"2409\" data-end=\"2420\">Cookies<\/strong><\/h2>\n<p data-start=\"2422\" data-end=\"2600\">Le site <strong data-start=\"2430\" data-end=\"2467\">n&rsquo;utilise pas de cookies de suivi<\/strong> ni de services d\u2019analyse statistiques. Seuls des cookies techniques n\u00e9cessaires au bon fonctionnement du site peuvent \u00eatre utilis\u00e9s.<\/p>\n<h2 data-start=\"2602\" data-end=\"2625\"><strong data-start=\"2605\" data-end=\"2625\">Droit applicable<\/strong><\/h2>\n<p data-start=\"2627\" data-end=\"2810\">Les pr\u00e9sentes conditions sont r\u00e9gies par les lois fran\u00e7aises. En cas de litige, et apr\u00e8s tentative de recherche d\u2019une solution amiable, les tribunaux fran\u00e7ais seront seuls comp\u00e9tents.<\/p>\n<p>[\/vc_column_text][vc_empty_space empty_h=\u00a0\u00bb3&Prime;][\/vc_column][\/vc_row]<\/p>\n<\/div>","protected":false},"excerpt":{"rendered":"<p>[vc_row][vc_column][vc_column_text uncode_shortcode_id=\u00a0\u00bb901209&Prime;] Conform\u00e9ment aux dispositions des articles 6-III et 19 de la Loi n\u00b02004-575 du 21 juin 2004 pour la [&hellip;]<\/p>\n","protected":false},"author":1,"featured_media":0,"parent":0,"menu_order":0,"comment_status":"closed","ping_status":"closed","template":"","meta":{"footnotes":""},"class_list":["post-492","page","type-page","status-publish","hentry"],"_links":{"self":[{"href":"https:\/\/detentenergie.com\/index.php\/wp-json\/wp\/v2\/pages\/492","targetHints":{"allow":["GET"]}}],"collection":[{"href":"https:\/\/detentenergie.com\/index.php\/wp-json\/wp\/v2\/pages"}],"about":[{"href":"https:\/\/detentenergie.com\/index.php\/wp-json\/wp\/v2\/types\/page"}],"author":[{"embeddable":true,"href":"https:\/\/detentenergie.com\/index.php\/wp-json\/wp\/v2\/users\/1"}],"replies":[{"embeddable":true,"href":"https:\/\/detentenergie.com\/index.php\/wp-json\/wp\/v2\/comments?post=492"}],"version-history":[{"count":4,"href":"https:\/\/detentenergie.com\/index.php\/wp-json\/wp\/v2\/pages\/492\/revisions"}],"predecessor-version":[{"id":507,"href":"https:\/\/detentenergie.com\/index.php\/wp-json\/wp\/v2\/pages\/492\/revisions\/507"}],"wp:attachment":[{"href":"https:\/\/detentenergie.com\/index.php\/wp-json\/wp\/v2\/media?parent=492"}],"curies":[{"name":"wp","href":"https:\/\/api.w.org\/{rel}","templated":true}]}}