{"id":3,"date":"2025-01-22T15:13:36","date_gmt":"2025-01-22T14:13:36","guid":{"rendered":"https:\/\/detentenergie.com\/?page_id=3"},"modified":"2025-05-22T12:21:18","modified_gmt":"2025-05-22T10:21:18","slug":"politique-de-confidentialite","status":"publish","type":"page","link":"https:\/\/detentenergie.com\/index.php\/politique-de-confidentialite\/","title":{"rendered":"Politique de confidentialit\u00e9"},"content":{"rendered":"\r\n<p data-start=\"282\" data-end=\"594\">La pr\u00e9sente politique de confidentialit\u00e9 a pour but d\u2019informer les utilisateurs du site <strong data-start=\"370\" data-end=\"391\">detentenergie.com<\/strong> de la mani\u00e8re dont leurs donn\u00e9es personnelles sont collect\u00e9es, trait\u00e9es et prot\u00e9g\u00e9es, conform\u00e9ment au <strong data-start=\"494\" data-end=\"552\">R\u00e8glement G\u00e9n\u00e9ral sur la Protection des Donn\u00e9es (RGPD)<\/strong> et \u00e0 la l\u00e9gislation fran\u00e7aise en vigueur.<\/p>\r\n<h2 class=\"wp-block-heading\" data-start=\"596\" data-end=\"628\"><strong data-start=\"599\" data-end=\"628\">Responsable du traitement<\/strong><\/h2>\r\n<p data-start=\"630\" data-end=\"689\">Le responsable du traitement des donn\u00e9es personnelles est :<\/p>\r\n<p data-start=\"691\" data-end=\"808\"><strong data-start=\"691\" data-end=\"709\">D\u00e9tent&rsquo;\u00c9nergie<\/strong><br data-start=\"709\" data-end=\"712\" \/>Marie-Th\u00e9r\u00e8se V\u00e9tois<br data-start=\"758\" data-end=\"761\" \/>Email : <a href=\"mailto:amma.detentenergie@yahoo.fr\">amma.detentenergie@yahoo.fr<\/a><br data-start=\"782\" data-end=\"785\" \/>Adresse : 8, La Barre du Mas Vignan 87320 &#8211; BUSSIERE-POITEVINE<\/p>\r\n<h2 data-start=\"810\" data-end=\"835\"><strong data-start=\"813\" data-end=\"835\">Donn\u00e9es collect\u00e9es<\/strong><\/h2>\r\n<p data-start=\"837\" data-end=\"937\">Le site <strong data-start=\"845\" data-end=\"866\">detentenergie.com<\/strong> ne collecte des donn\u00e9es personnelles que via le formulaire de contact.<\/p>\r\n<p data-start=\"939\" data-end=\"979\">Les donn\u00e9es collect\u00e9es peuvent inclure :<\/p>\r\n<ul>\r\n<li data-start=\"982\" data-end=\"985\">Nom<\/li>\r\n<li data-start=\"997\" data-end=\"1011\">Adresse e-mail<\/li>\r\n<li data-start=\"1053\" data-end=\"1071\">Contenu du message<\/li>\r\n<\/ul>\r\n<p data-start=\"1073\" data-end=\"1275\">Aucune autre donn\u00e9e n\u2019est collect\u00e9e automatiquement.<br data-start=\"1125\" data-end=\"1128\" \/>Aucun outil d\u2019analyse statistique ou de suivi (type Google Analytics) n\u2019est install\u00e9 sur le site.<br data-start=\"1225\" data-end=\"1228\" \/>Aucun cookie n\u2019est utilis\u00e9 \u00e0 des fins de suivi.<\/p>\r\n<h2 data-start=\"1277\" data-end=\"1306\"><strong data-start=\"1280\" data-end=\"1306\">Finalit\u00e9 du traitement<\/strong><\/h2>\r\n<p data-start=\"1308\" data-end=\"1526\">Les donn\u00e9es recueillies via le formulaire de contact sont utilis\u00e9es <strong data-start=\"1376\" data-end=\"1437\">exclusivement pour r\u00e9pondre \u00e0 la demande de l\u2019utilisateur<\/strong>. Elles ne sont <strong data-start=\"1453\" data-end=\"1494\">pas utilis\u00e9es \u00e0 des fins commerciales<\/strong>, ni <strong data-start=\"1499\" data-end=\"1525\">transmises \u00e0 des tiers<\/strong>.<\/p>\r\n<h2 data-start=\"1528\" data-end=\"1556\"><strong data-start=\"1531\" data-end=\"1556\">Dur\u00e9e de conservation<\/strong><\/h2>\r\n<p data-start=\"1558\" data-end=\"1737\">Les donn\u00e9es personnelles sont conserv\u00e9es pendant une dur\u00e9e maximale de <strong data-start=\"1629\" data-end=\"1640\">12 mois<\/strong> \u00e0 compter de leur collecte, sauf obligation l\u00e9gale contraire ou relation contractuelle en cours.<\/p>\r\n<h2 data-start=\"1739\" data-end=\"1769\"><strong data-start=\"1742\" data-end=\"1769\">Droits des utilisateurs<\/strong><\/h2>\r\n<p data-start=\"1771\" data-end=\"1828\">Conform\u00e9ment au RGPD, vous disposez des droits suivants :<\/p>\r\n<ul>\r\n<li data-start=\"1831\" data-end=\"1871\">Droit d\u2019acc\u00e8s \u00e0 vos donn\u00e9es personnelles<\/li>\r\n<li data-start=\"1874\" data-end=\"1930\">Droit de rectification en cas d\u2019erreur ou d\u2019inexactitude<\/li>\r\n<li data-start=\"1933\" data-end=\"1975\">Droit \u00e0 l\u2019effacement (\u00ab droit \u00e0 l\u2019oubli \u00bb)<\/li>\r\n<li data-start=\"1978\" data-end=\"2013\">Droit \u00e0 la limitation du traitement<\/li>\r\n<li data-start=\"2016\" data-end=\"2048\">Droit d\u2019opposition au traitement<\/li>\r\n<li data-start=\"2051\" data-end=\"2088\">Droit \u00e0 la portabilit\u00e9 de vos donn\u00e9es<\/li>\r\n<\/ul>\r\n<p data-start=\"2090\" data-end=\"2206\">Pour exercer vos droits, vous pouvez adresser votre demande \u00e0 l\u2019adresse suivante :<br data-start=\"2172\" data-end=\"2175\" \/><a class=\"cursor-init\" href=\"mailto:amma.detentenergie@yahoo.fr\">amma.detentenergie@yahoo.fr<\/a><\/p>\r\n<h2 data-start=\"2208\" data-end=\"2235\"><strong data-start=\"2211\" data-end=\"2235\">S\u00e9curit\u00e9 des donn\u00e9es<\/strong><\/h2>\r\n<p data-start=\"2237\" data-end=\"2408\">Les donn\u00e9es sont trait\u00e9es de mani\u00e8re s\u00e9curis\u00e9e et ne sont accessibles qu\u2019aux personnes autoris\u00e9es par D\u00e9tent&rsquo;\u00c9nergie. Aucune donn\u00e9e n\u2019est stock\u00e9e sur le site web lui-m\u00eame.<\/p>\r\n<h2 data-start=\"2410\" data-end=\"2434\"><strong data-start=\"2413\" data-end=\"2434\">Transfert hors UE<\/strong><\/h2>\r\n<p data-start=\"2436\" data-end=\"2518\">Aucun transfert de donn\u00e9es personnelles hors de l\u2019Union Europ\u00e9enne n\u2019est effectu\u00e9.<\/p>\r\n<h2 data-start=\"2520\" data-end=\"2556\"><strong data-start=\"2523\" data-end=\"2556\">Modifications de la politique<\/strong><\/h2>\r\n<p data-start=\"2558\" data-end=\"2812\">D\u00e9tent&rsquo;\u00c9nergie se r\u00e9serve le droit de modifier la pr\u00e9sente politique de confidentialit\u00e9 \u00e0 tout moment afin d\u2019assurer sa conformit\u00e9 avec la l\u00e9gislation en vigueur. En cas de modification, la date de mise \u00e0 jour sera clairement indiqu\u00e9e en bas du document.<\/p>\r\n<p data-start=\"2814\" data-end=\"2872\"><strong data-start=\"2814\" data-end=\"2872\">Derni\u00e8re mise \u00e0 jour :17 mai 2025<\/strong><\/p>","protected":false},"excerpt":{"rendered":"<p>La pr\u00e9sente politique de confidentialit\u00e9 a pour but d\u2019informer les utilisateurs du site detentenergie.com de la mani\u00e8re dont leurs donn\u00e9es [&hellip;]<\/p>\n","protected":false},"author":1,"featured_media":0,"parent":0,"menu_order":0,"comment_status":"closed","ping_status":"closed","template":"","meta":{"footnotes":""},"class_list":["post-3","page","type-page","status-publish","hentry"],"_links":{"self":[{"href":"https:\/\/detentenergie.com\/index.php\/wp-json\/wp\/v2\/pages\/3","targetHints":{"allow":["GET"]}}],"collection":[{"href":"https:\/\/detentenergie.com\/index.php\/wp-json\/wp\/v2\/pages"}],"about":[{"href":"https:\/\/detentenergie.com\/index.php\/wp-json\/wp\/v2\/types\/page"}],"author":[{"embeddable":true,"href":"https:\/\/detentenergie.com\/index.php\/wp-json\/wp\/v2\/users\/1"}],"replies":[{"embeddable":true,"href":"https:\/\/detentenergie.com\/index.php\/wp-json\/wp\/v2\/comments?post=3"}],"version-history":[{"count":10,"href":"https:\/\/detentenergie.com\/index.php\/wp-json\/wp\/v2\/pages\/3\/revisions"}],"predecessor-version":[{"id":508,"href":"https:\/\/detentenergie.com\/index.php\/wp-json\/wp\/v2\/pages\/3\/revisions\/508"}],"wp:attachment":[{"href":"https:\/\/detentenergie.com\/index.php\/wp-json\/wp\/v2\/media?parent=3"}],"curies":[{"name":"wp","href":"https:\/\/api.w.org\/{rel}","templated":true}]}}